{"id":6329,"date":"2016-05-02T11:58:32","date_gmt":"2016-05-02T11:58:32","guid":{"rendered":"http:\/\/kreintocomunicacion.com\/?page_id=6329"},"modified":"2020-10-28T00:30:27","modified_gmt":"2020-10-28T00:30:27","slug":"about-us-01-3","status":"publish","type":"page","link":"https:\/\/kreintocomunicacion.com\/index.php\/about-us-01-3\/","title":{"rendered":"Empoderamiento PYME"},"content":{"rendered":"<p>[vc_row no_margin=&#8221;true&#8221; equal_height=&#8221;true&#8221; dark=&#8221;true&#8221; bg_type=&#8221;&#8221; dima_canvas_style=&#8221;&#8221; translate_x=&#8221;0&#8243; dima_z_index=&#8221;0&#8243; delay=&#8221;&#8221; delay_duration=&#8221;&#8221; delay_offset=&#8221;&#8221; full_width=&#8221;full_width&#8221; top_and_bottom_padding=&#8221;&#8221; left_and_right_padding=&#8221;&#8221; class=&#8221;&#8221; style=&#8221;&#8221; id=&#8221;&#8221;][vc_column min_height=&#8221;360px&#8221; bg_type=&#8221;bg_image&#8221; dima_canvas_style=&#8221;&#8221; translate_x=&#8221;0&#8243; dima_z_index=&#8221;0&#8243; sd=&#8221;6&#8243; delay=&#8221;&#8221; delay_duration=&#8221;&#8221; delay_offset=&#8221;&#8221; top_and_bottom_padding=&#8221;&#8221; left_and_right_padding=&#8221;&#8221; width=&#8221;1\/3&#8243; id=&#8221;&#8221; class=&#8221;&#8221; style=&#8221;&#8221; bg_image=&#8221;3345&#8243; di_bg_image=&#8221;6407&#8243; css=&#8221;.vc_custom_1601865846939{background-image: url(id=3345?id=) !important;}&#8221; border_color=&#8221;&#8221;][\/vc_column][vc_column min_height=&#8221;360px&#8221; content_position=&#8221;center&#8221; float=&#8221;center&#8221; bg_type=&#8221;bg_image&#8221; dima_canvas_style=&#8221;&#8221; translate_x=&#8221;0&#8243; dima_z_index=&#8221;0&#8243; sd=&#8221;6&#8243; delay=&#8221;&#8221; delay_duration=&#8221;&#8221; delay_offset=&#8221;&#8221; top_and_bottom_padding=&#8221;&#8221; left_and_right_padding=&#8221;&#8221; width=&#8221;1\/3&#8243; id=&#8221;&#8221; class=&#8221;no-bottom-margin&#8221; style=&#8221;&#8221; bg_image=&#8221;3346&#8243; di_bg_image=&#8221;6408&#8243; css=&#8221;.vc_custom_1601865863882{background-image: url(id=3346?id=) !important;}&#8221; border_color=&#8221;&#8221;][\/vc_column][vc_column min_height=&#8221;&#8221; bg_type=&#8221;&#8221; dima_canvas_style=&#8221;&#8221; translate_x=&#8221;0&#8243; dima_z_index=&#8221;0&#8243; sd=&#8221;12&#8243; delay=&#8221;&#8221; delay_duration=&#8221;&#8221; delay_offset=&#8221;&#8221; top_and_bottom_padding=&#8221;14%&#8221; left_and_right_padding=&#8221;14%&#8221; width=&#8221;1\/3&#8243; id=&#8221;&#8221; class=&#8221;no-bottom-margin&#8221; style=&#8221;&#8221; bg_color=&#8221;#ff5733&#8243; css=&#8221;.vc_custom_1601865972417{padding-top: 100px !important;padding-right: 100px !important;padding-left: 100px !important;background-color: #090e38 !important;}&#8221; border_color=&#8221;&#8221;]<h3  class=\"dima-custom-heading\" ><\/p>\n<h3>\u00a1Nuevas oportunidades!<\/h3>\n<p><\/h3><p><span style=\"color: #ffffff;\">El contexto actual oblig\u00f3 a la sociedad a cambiar sus h\u00e1bitos de consumo. Kreinto te ayuda a transformar este escenario en una ventana de oportunidad para tu negocio a trav\u00e9s del mundo digital.<\/span><\/p>\n[\/vc_column][\/vc_row][vc_row bg_type=&#8221;bg_color&#8221; dima_canvas_style=&#8221;&#8221; translate_x=&#8221;0&#8243; dima_z_index=&#8221;0&#8243; delay=&#8221;&#8221; delay_duration=&#8221;&#8221; delay_offset=&#8221;&#8221; top_and_bottom_padding=&#8221;&#8221; left_and_right_padding=&#8221;&#8221; bg_color=&#8221;#fafafa&#8221; class=&#8221;&#8221; style=&#8221;&#8221;][vc_column min_height=&#8221;&#8221; bg_type=&#8221;&#8221; dima_canvas_style=&#8221;&#8221; translate_x=&#8221;0&#8243; dima_z_index=&#8221;0&#8243; delay=&#8221;&#8221; delay_duration=&#8221;&#8221; delay_offset=&#8221;&#8221; top_and_bottom_padding=&#8221;&#8221; left_and_right_padding=&#8221;&#8221; width=&#8221;1\/1&#8243;]<h3  class=\"dima-custom-heading text-center\" >NO TE PIERDAS\u2026<\/h3><div  class=\"dima-divider topaz-line\" ><i  class=\"fa fa-stop\"><\/i><\/div><h5 style=\"text-align: center;\">Conoce nuestros precios especiales para las peque\u00f1as y medianas empresas.<\/h5>\n<div  class=\"dima-clear\" style=\"padding-bottom:50px\"><\/div>[vc_row_inner bg_type=&#8221;bg_color&#8221; dima_canvas_style=&#8221;&#8221; translate_x=&#8221;0&#8243; dima_z_index=&#8221;0&#8243; top_and_bottom_padding=&#8221;&#8221; left_and_right_padding=&#8221;&#8221;][vc_column_inner animation=&#8221;flipInY&#8221; delay=&#8221;200&#8243; delay_duration=&#8221;&#8221; delay_offset=&#8221;&#8221; translate_x=&#8221;0&#8243; dima_z_index=&#8221;0&#8243; width=&#8221;1\/4&#8243; id=&#8221;&#8221; class=&#8221;&#8221; style=&#8221;&#8221;]<div  class=\"dima-pricing-table \" ><div  class=\"dima-pricing-col \"><div class=\"header \"><h4 class=\"dima-table-title\">DIGITALIZA<\/h4><\/div><div class=\"dima-pricing-col-info \"><ul  class=\"icon-list\" ><li   ><\/p>\n<h6 style=\"text-align: center;\">\u00a1Ideal para Pymes y profesionistas que buscan potenciar su negocio!<\/h6>\n<p style=\"text-align: center;\">Incluye:<\/p>\n<p><\/li><li   >Dise\u00f1o de logotipo<\/li><li   >Dise\u00f1o de p\u00e1gina web<\/li><li   >Set up de redes sociales<\/li><\/ul><a   data-direction=\"down\" class=\"dima-button di_header fill dima-btn-small button-block\"  href=\"http:\/\/kreintocomunicacion.com\/index.php\/contact-us-01-2\/\"    >\u00a1LO QUIERO!<\/a><\/div><\/div><\/div>[\/vc_column_inner][vc_column_inner animation=&#8221;flipInY&#8221; delay=&#8221;400&#8243; delay_duration=&#8221;&#8221; delay_offset=&#8221;&#8221; translate_x=&#8221;0&#8243; dima_z_index=&#8221;0&#8243; width=&#8221;1\/4&#8243; id=&#8221;&#8221; class=&#8221;&#8221; style=&#8221;&#8221;]<div  class=\"dima-pricing-table \" ><div  class=\"dima-pricing-col \"><div class=\"header \"><h4 class=\"dima-table-title\">CONECTA<\/h4><\/div><div class=\"dima-pricing-col-info \"><ul  class=\"icon-list\" ><li   ><\/p>\n<h6 style=\"text-align: center;\">\u00a1Incrementa tus ventas! Capta nuevos clientes y fidel\u00edzalos<\/h6>\n<p style=\"text-align: center;\">Incluye:<\/p>\n<p><\/li><li   >Set up \/ Optimizaci\u00f3n de redes sociales<\/li><li   >Curadur\u00eda y creaci\u00f3n de contenido digital<\/li><li   >Community management b\u00e1sico (programaci\u00f3n y publicaci\u00f3n de contenidos)<\/li><li   >Reporte mensual de resultados (KPI)<\/li><\/ul><a   data-direction=\"down\" class=\"dima-button di_header fill dima-btn-small button-block\"  href=\"http:\/\/kreintocomunicacion.com\/index.php\/contact-us-01-2\/\"    >\u00a1LO QUIERO!<\/a><\/div><\/div><\/div>[\/vc_column_inner][vc_column_inner animation=&#8221;flipInY&#8221; delay=&#8221;600&#8243; delay_duration=&#8221;&#8221; delay_offset=&#8221;&#8221; translate_x=&#8221;0&#8243; dima_z_index=&#8221;0&#8243; width=&#8221;1\/4&#8243; id=&#8221;&#8221; class=&#8221;&#8221; style=&#8221;&#8221;]<div  class=\"dima-pricing-table \" ><div  class=\"dima-pricing-col  featured box-shadow\"><div class=\"header \"><h4 class=\"dima-table-title\">POSICIONA<\/h4><\/div><div class=\"dima-pricing-col-info \"><ul  class=\"icon-list\" ><li   ><\/p>\n<h6 style=\"text-align: center;\">\u00a1Asesor\u00eda integral para alcanzar tus metas!<\/h6>\n<p style=\"text-align: center;\">Incluye:<\/p>\n<p><\/li><li   >Benchmarking b\u00e1sico<\/li><li   >Naming y branding (dise\u00f1o de logo y manual de identidad gr\u00e1fica)<\/li><li   >Set up \/ Optimizaci\u00f3n de redes sociales<\/li><li   >Curadur\u00eda y creaci\u00f3n de contenido digital<\/li><li   >Community management b\u00e1sico (programaci\u00f3n y publicaci\u00f3n de contenidos)<\/li><li   >Reporte mensual de resultados (KPI)<\/li><li   >Asesor\u00eda en campa\u00f1as digitales y de mailing<\/li><\/ul><a   data-direction=\"down\" class=\"dima-button fill dima-btn-small button-block\"  href=\"http:\/\/kreintocomunicacion.com\/index.php\/contact-us-01-2\/\"    >\u00a1LO QUIERO!<\/a><\/div><\/div><\/div>[\/vc_column_inner][vc_column_inner animation=&#8221;flipInY&#8221; delay=&#8221;800&#8243; delay_duration=&#8221;&#8221; delay_offset=&#8221;&#8221; translate_x=&#8221;0&#8243; dima_z_index=&#8221;0&#8243; width=&#8221;1\/4&#8243; id=&#8221;&#8221; class=&#8221;&#8221; style=&#8221;&#8221;]<div  class=\"dima-pricing-table \" ><div  class=\"dima-pricing-col \"><div class=\"header di_header \"><h4 class=\"dima-table-title\">CONVENCE<\/h4><\/div><div class=\"dima-pricing-col-info \"><ul  class=\"icon-list\" ><li   ><\/p>\n<h6 style=\"text-align: center;\">\u00a1Nuestra experiencia al servicio de tu imagen y posicionamiento pol\u00edtico!<\/h6>\n<p style=\"text-align: center;\">Incluye:<\/p>\n<p><\/li><li   >Benchmarking b\u00e1sico<\/li><li   >Dise\u00f1o de imagen y branding<\/li><li   >Mensaje y Estrategia de medios<\/li><li   >Content management<\/li><li   >Asesor\u00eda en campa\u00f1as digitales y de mailing<\/li><\/ul><a   data-direction=\"down\" class=\"dima-button di_header fill dima-btn-small button-block\"  href=\"http:\/\/kreintocomunicacion.com\/index.php\/contact-us-01-2\/\"    >\u00a1LO QUIERO!<\/a><\/div><\/div><\/div>[\/vc_column_inner][\/vc_row_inner][\/vc_column][\/vc_row][vc_row bg_type=&#8221;&#8221; dima_canvas_style=&#8221;&#8221; translate_x=&#8221;0&#8243; dima_z_index=&#8221;0&#8243; delay=&#8221;&#8221; delay_duration=&#8221;&#8221; delay_offset=&#8221;&#8221; top_and_bottom_padding=&#8221;&#8221; left_and_right_padding=&#8221;&#8221;][vc_column min_height=&#8221;&#8221; bg_type=&#8221;&#8221; dima_canvas_style=&#8221;&#8221; translate_x=&#8221;0&#8243; dima_z_index=&#8221;0&#8243; delay=&#8221;&#8221; delay_duration=&#8221;&#8221; delay_offset=&#8221;&#8221; top_and_bottom_padding=&#8221;&#8221; left_and_right_padding=&#8221;&#8221;][\/vc_column][\/vc_row]<\/p>\n","protected":false},"excerpt":{"rendered":"<p>[vc_row no_margin=&#8221;true&#8221; equal_height=&#8221;true&#8221; dark=&#8221;true&#8221; bg_type=&#8221;&#8221; dima_canvas_style=&#8221;&#8221; translate_x=&#8221;0&#8243; dima_z_index=&#8221;0&#8243; delay=&#8221;&#8221; delay_duration=&#8221;&#8221; delay_offset=&#8221;&#8221; full_width=&#8221;full_width&#8221; top_and_bottom_padding=&#8221;&#8221; left_and_right_padding=&#8221;&#8221; class=&#8221;&#8221; style=&#8221;&#8221; id=&#8221;&#8221;][vc_column min_height=&#8221;360px&#8221; bg_type=&#8221;bg_image&#8221; dima_canvas_style=&#8221;&#8221; translate_x=&#8221;0&#8243; dima_z_index=&#8221;0&#8243; sd=&#8221;6&#8243; delay=&#8221;&#8221; delay_duration=&#8221;&#8221; delay_offset=&#8221;&#8221; top_and_bottom_padding=&#8221;&#8221; left_and_right_padding=&#8221;&#8221; width=&#8221;1\/3&#8243; id=&#8221;&#8221; class=&#8221;&#8221; style=&#8221;&#8221; bg_image=&#8221;3345&#8243; di_bg_image=&#8221;6407&#8243; css=&#8221;.vc_custom_1601865846939{background-image: url(id=3345?id=) !important;}&#8221; border_color=&#8221;&#8221;][\/vc_column][vc_column min_height=&#8221;360px&#8221; content_position=&#8221;center&#8221; float=&#8221;center&#8221; bg_type=&#8221;bg_image&#8221; dima_canvas_style=&#8221;&#8221; translate_x=&#8221;0&#8243; dima_z_index=&#8221;0&#8243; sd=&#8221;6&#8243; delay=&#8221;&#8221; delay_duration=&#8221;&#8221; delay_offset=&#8221;&#8221; top_and_bottom_padding=&#8221;&#8221; left_and_right_padding=&#8221;&#8221; width=&#8221;1\/3&#8243; id=&#8221;&#8221; class=&#8221;no-bottom-margin&#8221; style=&#8221;&#8221; [&hellip;]<\/p>\n","protected":false},"author":1,"featured_media":0,"parent":0,"menu_order":0,"comment_status":"closed","ping_status":"closed","template":"","meta":{"_bbp_topic_count":0,"_bbp_reply_count":0,"_bbp_total_topic_count":0,"_bbp_total_reply_count":0,"_bbp_voice_count":0,"_bbp_anonymous_reply_count":0,"_bbp_topic_count_hidden":0,"_bbp_reply_count_hidden":0,"_bbp_forum_subforum_count":0,"spay_email":""},"yoast_head":"<!-- This site is optimized with the Yoast SEO plugin v15.4 - https:\/\/yoast.com\/wordpress\/plugins\/seo\/ -->\n<title>Empoderamiento PYME - Kreinto Comunicaci\u00f3n<\/title>\n<meta name=\"robots\" content=\"index, follow, max-snippet:-1, max-image-preview:large, max-video-preview:-1\" \/>\n<link rel=\"canonical\" href=\"https:\/\/kreintocomunicacion.com\/index.php\/about-us-01-3\/\" \/>\n<meta property=\"og:locale\" content=\"en_US\" \/>\n<meta property=\"og:type\" content=\"article\" \/>\n<meta property=\"og:title\" content=\"Empoderamiento PYME - Kreinto Comunicaci\u00f3n\" \/>\n<meta property=\"og:description\" content=\"[vc_row no_margin=&#8221;true&#8221; equal_height=&#8221;true&#8221; dark=&#8221;true&#8221; bg_type=&#8221;&#8221; dima_canvas_style=&#8221;&#8221; translate_x=&#8221;0&#8243; dima_z_index=&#8221;0&#8243; delay=&#8221;&#8221; delay_duration=&#8221;&#8221; delay_offset=&#8221;&#8221; full_width=&#8221;full_width&#8221; top_and_bottom_padding=&#8221;&#8221; left_and_right_padding=&#8221;&#8221; class=&#8221;&#8221; style=&#8221;&#8221; id=&#8221;&#8221;][vc_column min_height=&#8221;360px&#8221; bg_type=&#8221;bg_image&#8221; dima_canvas_style=&#8221;&#8221; translate_x=&#8221;0&#8243; dima_z_index=&#8221;0&#8243; sd=&#8221;6&#8243; delay=&#8221;&#8221; delay_duration=&#8221;&#8221; delay_offset=&#8221;&#8221; top_and_bottom_padding=&#8221;&#8221; left_and_right_padding=&#8221;&#8221; width=&#8221;1\/3&#8243; id=&#8221;&#8221; class=&#8221;&#8221; style=&#8221;&#8221; bg_image=&#8221;3345&#8243; di_bg_image=&#8221;6407&#8243; css=&#8221;.vc_custom_1601865846939{background-image: url(id=3345?id=) !important;}&#8221; border_color=&#8221;&#8221;][\/vc_column][vc_column min_height=&#8221;360px&#8221; content_position=&#8221;center&#8221; float=&#8221;center&#8221; bg_type=&#8221;bg_image&#8221; dima_canvas_style=&#8221;&#8221; translate_x=&#8221;0&#8243; dima_z_index=&#8221;0&#8243; sd=&#8221;6&#8243; delay=&#8221;&#8221; delay_duration=&#8221;&#8221; delay_offset=&#8221;&#8221; top_and_bottom_padding=&#8221;&#8221; left_and_right_padding=&#8221;&#8221; width=&#8221;1\/3&#8243; id=&#8221;&#8221; class=&#8221;no-bottom-margin&#8221; style=&#8221;&#8221; [&hellip;]\" \/>\n<meta property=\"og:url\" content=\"https:\/\/kreintocomunicacion.com\/index.php\/about-us-01-3\/\" \/>\n<meta property=\"og:site_name\" content=\"Kreinto Comunicaci\u00f3n\" \/>\n<meta property=\"article:modified_time\" content=\"2020-10-28T00:30:27+00:00\" \/>\n<meta name=\"twitter:card\" content=\"summary_large_image\" \/>\n<meta name=\"twitter:label1\" content=\"Written by\">\n\t<meta name=\"twitter:data1\" content=\"kermitfrog.hernandez@gmail.com\">\n\t<meta name=\"twitter:label2\" content=\"Est. reading time\">\n\t<meta name=\"twitter:data2\" content=\"4 minutes\">\n<script type=\"application\/ld+json\" class=\"yoast-schema-graph\">{\"@context\":\"https:\/\/schema.org\",\"@graph\":[{\"@type\":\"WebSite\",\"@id\":\"https:\/\/kreintocomunicacion.com\/#website\",\"url\":\"https:\/\/kreintocomunicacion.com\/\",\"name\":\"Kreinto Comunicaci\\u00f3n\",\"description\":\"Colectivo de profesionales especializados en medios de comunicaci\\u00f3n y publicidad\",\"potentialAction\":[{\"@type\":\"SearchAction\",\"target\":\"https:\/\/kreintocomunicacion.com\/?s={search_term_string}\",\"query-input\":\"required name=search_term_string\"}],\"inLanguage\":\"en-US\"},{\"@type\":\"WebPage\",\"@id\":\"https:\/\/kreintocomunicacion.com\/index.php\/about-us-01-3\/#webpage\",\"url\":\"https:\/\/kreintocomunicacion.com\/index.php\/about-us-01-3\/\",\"name\":\"Empoderamiento PYME - Kreinto Comunicaci\\u00f3n\",\"isPartOf\":{\"@id\":\"https:\/\/kreintocomunicacion.com\/#website\"},\"datePublished\":\"2016-05-02T11:58:32+00:00\",\"dateModified\":\"2020-10-28T00:30:27+00:00\",\"inLanguage\":\"en-US\",\"potentialAction\":[{\"@type\":\"ReadAction\",\"target\":[\"https:\/\/kreintocomunicacion.com\/index.php\/about-us-01-3\/\"]}]}]}<\/script>\n<!-- \/ Yoast SEO plugin. -->","amp_validity":null,"amp_enabled":true,"_links":{"self":[{"href":"https:\/\/kreintocomunicacion.com\/index.php\/wp-json\/wp\/v2\/pages\/6329"}],"collection":[{"href":"https:\/\/kreintocomunicacion.com\/index.php\/wp-json\/wp\/v2\/pages"}],"about":[{"href":"https:\/\/kreintocomunicacion.com\/index.php\/wp-json\/wp\/v2\/types\/page"}],"author":[{"embeddable":true,"href":"https:\/\/kreintocomunicacion.com\/index.php\/wp-json\/wp\/v2\/users\/1"}],"replies":[{"embeddable":true,"href":"https:\/\/kreintocomunicacion.com\/index.php\/wp-json\/wp\/v2\/comments?post=6329"}],"version-history":[{"count":25,"href":"https:\/\/kreintocomunicacion.com\/index.php\/wp-json\/wp\/v2\/pages\/6329\/revisions"}],"predecessor-version":[{"id":6508,"href":"https:\/\/kreintocomunicacion.com\/index.php\/wp-json\/wp\/v2\/pages\/6329\/revisions\/6508"}],"wp:attachment":[{"href":"https:\/\/kreintocomunicacion.com\/index.php\/wp-json\/wp\/v2\/media?parent=6329"}],"curies":[{"name":"wp","href":"https:\/\/api.w.org\/{rel}","templated":true}]}}