{"id":6215,"date":"2016-05-23T21:11:50","date_gmt":"2016-05-23T21:11:50","guid":{"rendered":"http:\/\/kreintocomunicacion.com\/?page_id=6215"},"modified":"2020-10-05T03:04:19","modified_gmt":"2020-10-05T03:04:19","slug":"mini-posts-2","status":"publish","type":"page","link":"https:\/\/kreintocomunicacion.com\/index.php\/mini-posts-2\/","title":{"rendered":"Blog"},"content":{"rendered":"<p>[vc_row top_and_bottom_padding=&#8221;&#8221; left_and_right_padding=&#8221;&#8221; bg_type=&#8221;&#8221;][vc_column delay=&#8221;&#8221; delay_offset=&#8221;&#8221; width=&#8221;1\/1&#8243;]\t<div class=\"boxed-blog blog-list\">\n\t\t<article class=\"post-6730 post type-post status-publish format-standard has-post-thumbnail hentry category-sin-categoria tag-desarrollo-organizacional tag-imagen-personal\" >\n\t\t\t\t<div class=\"post-img\">\n                        <div class=\" post-feature\">\n                            <a href=\"https:\/\/kreintocomunicacion.com\/index.php\/2021\/04\/19\/por-favor-ponte-pantalones-y-otras-reglas-de-etiqueta-para-videollamadas\/\" class=\"entry-thumb\" title=\"Permalink to: &quot;Por favor, ponte pantalones, y otras reglas de etiqueta para videollamadas&quot;\"><img width=\"846\" height=\"498\" src=\"https:\/\/kreintocomunicacion.com\/wp-content\/uploads\/2021\/04\/videoconferencia-846x498.jpg\" class=\"attachment-dima-post-standard-image size-dima-post-standard-image wp-post-image\" alt=\"Cu\u00e1les son las reglas de etiqueta de las videoconferencias\" loading=\"lazy\" srcset=\"https:\/\/kreintocomunicacion.com\/wp-content\/uploads\/2021\/04\/videoconferencia-846x498.jpg 846w, https:\/\/kreintocomunicacion.com\/wp-content\/uploads\/2021\/04\/videoconferencia-585x343.jpg 585w\" sizes=\"(max-width: 846px) 100vw, 846px\" \/><\/a>\n                        <div class=\"post-icon link_overlay\">\n                        <ul class=\"icons-media\">\n                        <li>\n                            <a href=\"https:\/\/kreintocomunicacion.com\/index.php\/2021\/04\/19\/por-favor-ponte-pantalones-y-otras-reglas-de-etiqueta-para-videollamadas\/\" title=\"Permalink to: &quot;Por favor, ponte pantalones, y otras reglas de etiqueta para videollamadas&quot;\">\n                                <i class=\"fa fa-link\"><\/i>\n                            <\/a>\n                        <\/li>\n                        <\/ul>  <span class=\"topaz-hover\"><\/span >\n                        <\/div >\n                        <\/div >\n                        <\/div > \t\t<div class=\"post-meta box\"><ul><li class=\"post-on\"><span class=\"entry-author\">By <a href=\"https:\/\/kreintocomunicacion.com\/index.php\/author\/kermitfrog-hernandezgmail-com\/\" rel=\"author\" class=\"vcard\"><span  class=\"fn\">kermitfrog.hernandez@gmail.com<\/span><\/a><\/span> <span class=\"slash\">\/<\/span> <time class=\"entry-date\" datetime=\"2021-04-19T19:06:07+00:00\"> 19 de April de 2021<\/time><\/li><li class=\"post-view\"><i class=\"fa fa-eye\"><\/i> 240 <\/li><li class=\"post-comments\"><i class=\"fa fa-comments\"><\/i><a href=\"https:\/\/kreintocomunicacion.com\/index.php\/2021\/04\/19\/por-favor-ponte-pantalones-y-otras-reglas-de-etiqueta-para-videollamadas\/#respond\" title=\"Leave a comment on: &ldquo;Por favor, ponte pantalones, y otras reglas de etiqueta para videollamadas&rdquo;\" class=\"meta-comments\"> 0<\/a><\/li><\/ul><\/div>\n\t<div class=\"entry-content post-content text-start box-bg-color box\">\n\t\t\n<header>\n\t\t\t<h4 class=\"entry-title\">\n\t\t\t<a href=\"https:\/\/kreintocomunicacion.com\/index.php\/2021\/04\/19\/por-favor-ponte-pantalones-y-otras-reglas-de-etiqueta-para-videollamadas\/\"\n\t\t\t   title=\"Permalink to: &quot;Por favor, ponte pantalones, y otras reglas de etiqueta para videollamadas&quot;\">\n\t\t\t\tPor favor, ponte pantalones, y otras reglas de etiqueta para videollamadas\t\t\t<\/a>\n\t\t<\/h4>\n\t<\/header>\n\t\t<p>Repaso por las mejores pr\u00e1cticas para que ninguna videollamada te tome por sorpresa ni transmita una imagen err\u00f3nea a tus colegas.<\/p>\n\t\t\t<\/div>\n\n<\/article>\n<article class=\"post-6700 post type-post status-publish format-standard has-post-thumbnail hentry category-comunicacion tag-comunicacion tag-comunicacion-digital tag-redes-sociales tag-agencia-de-comunicacion tag-comunicacion-corporativa tag-desarrollo-organizacional\" >\n\t\t\t\t<div class=\"post-img\">\n                        <div class=\" post-feature\">\n                            <a href=\"https:\/\/kreintocomunicacion.com\/index.php\/2020\/12\/09\/la-importancia-de-la-comunicacion-para-conectarnos\/\" class=\"entry-thumb\" title=\"Permalink to: &quot;2020, la importancia de la comunicaci\u00f3n para conectarnos&quot;\"><img width=\"846\" height=\"498\" src=\"https:\/\/kreintocomunicacion.com\/wp-content\/uploads\/2020\/12\/comunicacion-digital-kreinto-846x498.jpg\" class=\"attachment-dima-post-standard-image size-dima-post-standard-image wp-post-image\" alt=\"La importancia de la comunicaci\u00f3n en el 2020\" loading=\"lazy\" srcset=\"https:\/\/kreintocomunicacion.com\/wp-content\/uploads\/2020\/12\/comunicacion-digital-kreinto-846x498.jpg 846w, https:\/\/kreintocomunicacion.com\/wp-content\/uploads\/2020\/12\/comunicacion-digital-kreinto-585x343.jpg 585w\" sizes=\"(max-width: 846px) 100vw, 846px\" \/><\/a>\n                        <div class=\"post-icon link_overlay\">\n                        <ul class=\"icons-media\">\n                        <li>\n                            <a href=\"https:\/\/kreintocomunicacion.com\/index.php\/2020\/12\/09\/la-importancia-de-la-comunicacion-para-conectarnos\/\" title=\"Permalink to: &quot;2020, la importancia de la comunicaci\u00f3n para conectarnos&quot;\">\n                                <i class=\"fa fa-link\"><\/i>\n                            <\/a>\n                        <\/li>\n                        <\/ul>  <span class=\"topaz-hover\"><\/span >\n                        <\/div >\n                        <\/div >\n                        <\/div > \t\t<div class=\"post-meta box\"><ul><li class=\"post-on\"><span class=\"entry-author\">By <a href=\"https:\/\/kreintocomunicacion.com\/index.php\/author\/kermitfrog-hernandezgmail-com\/\" rel=\"author\" class=\"vcard\"><span  class=\"fn\">kermitfrog.hernandez@gmail.com<\/span><\/a><\/span> <span class=\"slash\">\/<\/span> <time class=\"entry-date\" datetime=\"2020-12-09T02:24:27+00:00\"> 9 de December de 2020<\/time><\/li><li class=\"post-view\"><i class=\"fa fa-eye\"><\/i> 331 <\/li><li class=\"post-comments\"><i class=\"fa fa-comments\"><\/i><a href=\"https:\/\/kreintocomunicacion.com\/index.php\/2020\/12\/09\/la-importancia-de-la-comunicacion-para-conectarnos\/#respond\" title=\"Leave a comment on: &ldquo;2020, la importancia de la comunicaci\u00f3n para conectarnos&rdquo;\" class=\"meta-comments\"> 0<\/a><\/li><\/ul><\/div>\n\t<div class=\"entry-content post-content text-start box-bg-color box\">\n\t\t\n<header>\n\t\t\t<h4 class=\"entry-title\">\n\t\t\t<a href=\"https:\/\/kreintocomunicacion.com\/index.php\/2020\/12\/09\/la-importancia-de-la-comunicacion-para-conectarnos\/\"\n\t\t\t   title=\"Permalink to: &quot;2020, la importancia de la comunicaci\u00f3n para conectarnos&quot;\">\n\t\t\t\t2020, la importancia de la comunicaci\u00f3n para conectarnos\t\t\t<\/a>\n\t\t<\/h4>\n\t<\/header>\n\t\t<p>El teletrabajo, la comunicaci\u00f3n y la mercadotecnia digital han llegado para quedarse, por ello, tanto las empresas como los trabajadores nos hemos visto obligados a reinventarnos y a hacerlo a marchas forzadas, ya que el contexto actual no solo nos mostr\u00f3 la fragilidad de la vida humana, sino tambi\u00e9n de las empresas que no se adapten a un entorno digital que las haga m\u00e1s competitivas y resilientes.<\/p>\n\t\t\t<\/div>\n\n<\/article>\n\t<\/div>[\/vc_column][\/vc_row]<\/p>\n","protected":false},"excerpt":{"rendered":"<p>[vc_row top_and_bottom_padding=&#8221;&#8221; left_and_right_padding=&#8221;&#8221; bg_type=&#8221;&#8221;][vc_column delay=&#8221;&#8221; delay_offset=&#8221;&#8221; width=&#8221;1\/1&#8243;][\/vc_column][\/vc_row]<\/p>\n","protected":false},"author":1,"featured_media":0,"parent":0,"menu_order":0,"comment_status":"closed","ping_status":"closed","template":"","meta":{"_bbp_topic_count":0,"_bbp_reply_count":0,"_bbp_total_topic_count":0,"_bbp_total_reply_count":0,"_bbp_voice_count":0,"_bbp_anonymous_reply_count":0,"_bbp_topic_count_hidden":0,"_bbp_reply_count_hidden":0,"_bbp_forum_subforum_count":0,"spay_email":""},"yoast_head":"<!-- This site is optimized with the Yoast SEO plugin v15.4 - https:\/\/yoast.com\/wordpress\/plugins\/seo\/ -->\n<title>Blog - Kreinto Comunicaci\u00f3n<\/title>\n<meta name=\"robots\" content=\"index, follow, max-snippet:-1, max-image-preview:large, max-video-preview:-1\" \/>\n<link rel=\"canonical\" href=\"https:\/\/kreintocomunicacion.com\/index.php\/mini-posts-2\/\" \/>\n<meta property=\"og:locale\" content=\"en_US\" \/>\n<meta property=\"og:type\" content=\"article\" \/>\n<meta property=\"og:title\" content=\"Blog - Kreinto Comunicaci\u00f3n\" \/>\n<meta property=\"og:description\" content=\"[vc_row top_and_bottom_padding=&#8221;&#8221; left_and_right_padding=&#8221;&#8221; bg_type=&#8221;&#8221;][vc_column delay=&#8221;&#8221; delay_offset=&#8221;&#8221; width=&#8221;1\/1&#8243;][\/vc_column][\/vc_row]\" \/>\n<meta property=\"og:url\" content=\"https:\/\/kreintocomunicacion.com\/index.php\/mini-posts-2\/\" \/>\n<meta property=\"og:site_name\" content=\"Kreinto Comunicaci\u00f3n\" \/>\n<meta property=\"article:modified_time\" content=\"2020-10-05T03:04:19+00:00\" \/>\n<meta name=\"twitter:card\" content=\"summary_large_image\" \/>\n<meta name=\"twitter:label1\" content=\"Written by\">\n\t<meta name=\"twitter:data1\" content=\"kermitfrog.hernandez@gmail.com\">\n\t<meta name=\"twitter:label2\" content=\"Est. reading time\">\n\t<meta name=\"twitter:data2\" content=\"0 minutes\">\n<script type=\"application\/ld+json\" class=\"yoast-schema-graph\">{\"@context\":\"https:\/\/schema.org\",\"@graph\":[{\"@type\":\"WebSite\",\"@id\":\"https:\/\/kreintocomunicacion.com\/#website\",\"url\":\"https:\/\/kreintocomunicacion.com\/\",\"name\":\"Kreinto Comunicaci\\u00f3n\",\"description\":\"Colectivo de profesionales especializados en medios de comunicaci\\u00f3n y publicidad\",\"potentialAction\":[{\"@type\":\"SearchAction\",\"target\":\"https:\/\/kreintocomunicacion.com\/?s={search_term_string}\",\"query-input\":\"required name=search_term_string\"}],\"inLanguage\":\"en-US\"},{\"@type\":\"WebPage\",\"@id\":\"https:\/\/kreintocomunicacion.com\/index.php\/mini-posts-2\/#webpage\",\"url\":\"https:\/\/kreintocomunicacion.com\/index.php\/mini-posts-2\/\",\"name\":\"Blog - Kreinto Comunicaci\\u00f3n\",\"isPartOf\":{\"@id\":\"https:\/\/kreintocomunicacion.com\/#website\"},\"datePublished\":\"2016-05-23T21:11:50+00:00\",\"dateModified\":\"2020-10-05T03:04:19+00:00\",\"inLanguage\":\"en-US\",\"potentialAction\":[{\"@type\":\"ReadAction\",\"target\":[\"https:\/\/kreintocomunicacion.com\/index.php\/mini-posts-2\/\"]}]}]}<\/script>\n<!-- \/ Yoast SEO plugin. -->","amp_validity":null,"amp_enabled":true,"_links":{"self":[{"href":"https:\/\/kreintocomunicacion.com\/index.php\/wp-json\/wp\/v2\/pages\/6215"}],"collection":[{"href":"https:\/\/kreintocomunicacion.com\/index.php\/wp-json\/wp\/v2\/pages"}],"about":[{"href":"https:\/\/kreintocomunicacion.com\/index.php\/wp-json\/wp\/v2\/types\/page"}],"author":[{"embeddable":true,"href":"https:\/\/kreintocomunicacion.com\/index.php\/wp-json\/wp\/v2\/users\/1"}],"replies":[{"embeddable":true,"href":"https:\/\/kreintocomunicacion.com\/index.php\/wp-json\/wp\/v2\/comments?post=6215"}],"version-history":[{"count":1,"href":"https:\/\/kreintocomunicacion.com\/index.php\/wp-json\/wp\/v2\/pages\/6215\/revisions"}],"predecessor-version":[{"id":6216,"href":"https:\/\/kreintocomunicacion.com\/index.php\/wp-json\/wp\/v2\/pages\/6215\/revisions\/6216"}],"wp:attachment":[{"href":"https:\/\/kreintocomunicacion.com\/index.php\/wp-json\/wp\/v2\/media?parent=6215"}],"curies":[{"name":"wp","href":"https:\/\/api.w.org\/{rel}","templated":true}]}}