{"id":6189,"date":"2016-05-04T07:41:14","date_gmt":"2016-05-04T07:41:14","guid":{"rendered":"http:\/\/kreintocomunicacion.com\/?page_id=6189"},"modified":"2020-10-29T23:19:15","modified_gmt":"2020-10-29T23:19:15","slug":"about-us-03-2-2","status":"publish","type":"page","link":"https:\/\/kreintocomunicacion.com\/index.php\/about-us-03-2-2\/","title":{"rendered":"\u00bfQu\u00e9 es Kreinto?"},"content":{"rendered":"<p>[vc_row dark=&#8221;true&#8221; bg_type=&#8221;bg_image&#8221; dima_canvas_style=&#8221;&#8221; translate_x=&#8221;0&#8243; dima_z_index=&#8221;0&#8243; delay=&#8221;&#8221; delay_duration=&#8221;&#8221; delay_offset=&#8221;&#8221; top_and_bottom_padding=&#8221;15.625em&#8221; left_and_right_padding=&#8221;&#8221; bg_image=&#8221;3441&#8243; class=&#8221;&#8221; style=&#8221;&#8221; id=&#8221;&#8221; di_bg_image=&#8221;6629&#8243; css=&#8221;.vc_custom_1604013550443{background-image: url(id=3441?id=) !important;}&#8221; border_color=&#8221;&#8221; tutorials=&#8221;&#8221;][vc_column min_height=&#8221;&#8221; bg_type=&#8221;&#8221; dima_canvas_style=&#8221;&#8221; translate_x=&#8221;0&#8243; dima_z_index=&#8221;0&#8243; animation=&#8221;fadeInUp&#8221; delay=&#8221;400&#8243; delay_duration=&#8221;&#8221; delay_offset=&#8221;&#8221; top_and_bottom_padding=&#8221;&#8221; left_and_right_padding=&#8221;&#8221; width=&#8221;1\/1&#8243; id=&#8221;&#8221; class=&#8221;&#8221; style=&#8221;&#8221;]<h4  class=\"dima-custom-heading text-center\" ><\/p>\n<h1 style=\"text-align: center;\"><span style=\"color: #ffffff;\">\ud83e\udc3f<\/span><\/h1>\n<p><\/h4><h1  class=\"dima-custom-heading text-center\" ><span style=\"color: #ffffff;\">\u00a1Aqu\u00ed vivimos tu marca!<\/span><\/h1><div  class=\"dima-divider line-hr\" ><\/div>[\/vc_column][\/vc_row][vc_row bg_type=&#8221;&#8221; dima_canvas_style=&#8221;&#8221; translate_x=&#8221;0&#8243; dima_z_index=&#8221;0&#8243; delay=&#8221;&#8221; delay_duration=&#8221;&#8221; delay_offset=&#8221;&#8221; top_and_bottom_padding=&#8221;0px&#8221; left_and_right_padding=&#8221;&#8221; class=&#8221;&#8221; style=&#8221;&#8221;][vc_column min_height=&#8221;&#8221; bg_type=&#8221;&#8221; dima_canvas_style=&#8221;&#8221; translate_x=&#8221;0&#8243; dima_z_index=&#8221;0&#8243; animation=&#8221;fadeInLeft&#8221; delay=&#8221;400&#8243; delay_duration=&#8221;&#8221; delay_offset=&#8221;&#8221; top_and_bottom_padding=&#8221;&#8221; left_and_right_padding=&#8221;&#8221; width=&#8221;1\/2&#8243; id=&#8221;&#8221; class=&#8221;&#8221; style=&#8221;&#8221; border_color=&#8221;&#8221;]<div  class=\"dima-clear\" style=\"padding-bottom:50px\"><\/div><div class=\"column-item overflow-hidden text-center\"><img width=\"900\" height=\"506\"  class=\"dima-img \" src=\"https:\/\/kreintocomunicacion.com\/wp-content\/uploads\/2020\/10\/kreinto-somos.jpg\"   alt=\"\"><\/div>[\/vc_column][vc_column min_height=&#8221;&#8221; bg_type=&#8221;&#8221; dima_canvas_style=&#8221;&#8221; translate_x=&#8221;0&#8243; dima_z_index=&#8221;0&#8243; animation=&#8221;fadeInUp&#8221; delay=&#8221;600&#8243; delay_duration=&#8221;&#8221; delay_offset=&#8221;&#8221; top_and_bottom_padding=&#8221;&#8221; left_and_right_padding=&#8221;&#8221; width=&#8221;1\/2&#8243; id=&#8221;&#8221; class=&#8221;&#8221; style=&#8221;&#8221;]<div  class=\"dima-clear hidden-xsd\" style=\"padding-bottom:150px\"><\/div><p>Kreinto Comunicaci\u00f3n y Marketing es un colectivo de profesionales especializados en medios de comunicaci\u00f3n y publicidad. Nuestro objetivo es contribuir a la correcta proyecci\u00f3n de tu negocio o instituci\u00f3n en los medios digitales y tradicionales.<\/p>\n<p>No importa cu\u00e1les sean las necesidades de tu negocio, la experiencia de las personas que formamos Kreinto Comunicaci\u00f3n y Marketing est\u00e1 a tu disposici\u00f3n para desarrollar contenidos, estrategias y campa\u00f1as que te ayudar\u00e1n a alcanzar tus objetivos.<\/p>\n<h6>\u00a1Aqu\u00ed vivimos tu marca!<\/h6>\n[\/vc_column][\/vc_row][vc_row bg_type=&#8221;&#8221; dima_canvas_style=&#8221;&#8221; translate_x=&#8221;0&#8243; dima_z_index=&#8221;0&#8243; delay=&#8221;&#8221; delay_duration=&#8221;&#8221; delay_offset=&#8221;&#8221;][vc_column min_height=&#8221;&#8221; bg_type=&#8221;&#8221; dima_canvas_style=&#8221;&#8221; translate_x=&#8221;0&#8243; dima_z_index=&#8221;0&#8243; delay=&#8221;&#8221; delay_duration=&#8221;&#8221; delay_offset=&#8221;&#8221;][\/vc_column][\/vc_row][vc_row no_margin=&#8221;true&#8221; dark=&#8221;true&#8221; bg_type=&#8221;&#8221; dima_canvas_style=&#8221;&#8221; translate_x=&#8221;0&#8243; dima_z_index=&#8221;0&#8243; delay=&#8221;&#8221; delay_duration=&#8221;&#8221; delay_offset=&#8221;&#8221; full_width=&#8221;full_width&#8221; top_and_bottom_padding=&#8221;&#8221; left_and_right_padding=&#8221;&#8221; class=&#8221;&#8221; style=&#8221;&#8221;][vc_column min_height=&#8221;&#8221; bg_type=&#8221;bg_color&#8221; dima_canvas_style=&#8221;&#8221; translate_x=&#8221;0&#8243; dima_z_index=&#8221;0&#8243; sd=&#8221;12&#8243; delay=&#8221;&#8221; delay_duration=&#8221;&#8221; delay_offset=&#8221;&#8221; top_and_bottom_padding=&#8221;14%&#8221; left_and_right_padding=&#8221;14%&#8221; width=&#8221;1\/3&#8243; id=&#8221;&#8221; class=&#8221;no-bottom-margin&#8221; style=&#8221;&#8221; bg_color=&#8221;#707070&#8243;]<h3  class=\"dima-custom-heading\" ><span style=\"color: #ffffff;\"><strong>Misi\u00f3n<\/strong><\/span><\/h3><p>Ofrecer soluciones integrales para potenciar la comunicaci\u00f3n, imagen, posicionamiento y reputaci\u00f3n de nuestros clientes.<\/p>\n[\/vc_column][vc_column min_height=&#8221;&#8221; bg_type=&#8221;bg_color&#8221; dima_canvas_style=&#8221;&#8221; translate_x=&#8221;0&#8243; dima_z_index=&#8221;0&#8243; sd=&#8221;12&#8243; delay=&#8221;&#8221; delay_duration=&#8221;&#8221; delay_offset=&#8221;&#8221; top_and_bottom_padding=&#8221;14%&#8221; left_and_right_padding=&#8221;14%&#8221; width=&#8221;1\/3&#8243; id=&#8221;&#8221; class=&#8221;no-bottom-margin&#8221; style=&#8221;&#8221; bg_color=&#8221;#f0f0f0&#8243;]<h3  class=\"dima-custom-heading\" ><span style=\"color: #808080;\"><strong>Visi\u00f3n<\/strong><\/span><\/h3><p>Posicionarnos a corto plazo como un referente para las organizaciones y personas que buscan asesor\u00eda y desarrollo de estrategias que les permitan impactar de manera \u00f3ptima a su p\u00fablico objetivo.<\/p>\n[\/vc_column][vc_column min_height=&#8221;&#8221; bg_type=&#8221;bg_color&#8221; dima_canvas_style=&#8221;&#8221; translate_x=&#8221;0&#8243; dima_z_index=&#8221;0&#8243; sd=&#8221;12&#8243; delay=&#8221;&#8221; delay_duration=&#8221;&#8221; delay_offset=&#8221;&#8221; top_and_bottom_padding=&#8221;14%&#8221; left_and_right_padding=&#8221;14%&#8221; width=&#8221;1\/3&#8243; id=&#8221;&#8221; class=&#8221;no-bottom-margin&#8221; style=&#8221;&#8221; bg_color=&#8221;#f9f9f9&#8243;]<h3  class=\"dima-custom-heading\" ><span style=\"color: #808080;\"><strong>Valores<\/strong><\/span><\/h3><p><strong>Integridad:<\/strong> La lealtad y la \u00e9tica rigen cada una de nuestras acciones.<\/p>\n<p><strong>Compromiso:<\/strong> Brindamos atenci\u00f3n personalizada para ofrecer las mejores alternativas con base en las necesidades de nuestros clientes. Optimizamos su inversi\u00f3n a trav\u00e9s de la experiencia, profesionalismo y calidad.<\/p>\n<p><strong>Respeto<\/strong><strong>:<\/strong> Reconocemos el valor y la dignidad de cada persona, as\u00ed como sus preferencias y puntos de vista, ya sean clientes, colaboradores o proveedores.<\/p>\n[\/vc_column][\/vc_row][vc_row bg_type=&#8221;&#8221; dima_canvas_style=&#8221;&#8221; translate_x=&#8221;0&#8243; dima_z_index=&#8221;0&#8243; delay=&#8221;&#8221; delay_duration=&#8221;&#8221; delay_offset=&#8221;&#8221;][vc_column min_height=&#8221;&#8221; bg_type=&#8221;&#8221; dima_canvas_style=&#8221;&#8221; translate_x=&#8221;0&#8243; dima_z_index=&#8221;0&#8243; delay=&#8221;&#8221; delay_duration=&#8221;&#8221; delay_offset=&#8221;&#8221;][\/vc_column][\/vc_row][vc_row bg_type=&#8221;bg_color&#8221; dima_canvas_style=&#8221;&#8221; translate_x=&#8221;0&#8243; dima_z_index=&#8221;0&#8243; delay=&#8221;&#8221; delay_duration=&#8221;&#8221; delay_offset=&#8221;&#8221; top_and_bottom_padding=&#8221;&#8221; left_and_right_padding=&#8221;&#8221; bg_color=&#8221;#fafafa&#8221; class=&#8221;&#8221; style=&#8221;&#8221;][vc_column min_height=&#8221;&#8221; bg_type=&#8221;&#8221; dima_canvas_style=&#8221;&#8221; translate_x=&#8221;0&#8243; dima_z_index=&#8221;0&#8243; animation=&#8221;fadeInLeft&#8221; delay=&#8221;400&#8243; delay_duration=&#8221;&#8221; delay_offset=&#8221;&#8221; top_and_bottom_padding=&#8221;&#8221; left_and_right_padding=&#8221;&#8221; width=&#8221;1\/3&#8243; id=&#8221;&#8221; class=&#8221;&#8221; style=&#8221;&#8221;]<h2  class=\"dima-custom-heading\" >Casos de \u00e9xito<\/h2>[\/vc_column][vc_column min_height=&#8221;&#8221; bg_type=&#8221;&#8221; dima_canvas_style=&#8221;&#8221; translate_x=&#8221;0&#8243; dima_z_index=&#8221;0&#8243; animation=&#8221;fadeInUp&#8221; delay=&#8221;500&#8243; delay_duration=&#8221;&#8221; delay_offset=&#8221;&#8221; top_and_bottom_padding=&#8221;&#8221; left_and_right_padding=&#8221;&#8221; width=&#8221;2\/3&#8243; id=&#8221;&#8221; class=&#8221;&#8221; style=&#8221;&#8221;]<div  class=\"clients-wrapper grid  client-clm-4\" ><ul><li   class=\"slide-item\" ><img src=\"https:\/\/kreintocomunicacion.com\/wp-content\/uploads\/2020\/10\/1.jpg\" alt=\"\"><\/li><li   class=\"slide-item\" ><img src=\"https:\/\/kreintocomunicacion.com\/wp-content\/uploads\/2020\/10\/3.jpg\" alt=\"\"><\/li><li   class=\"slide-item\" ><img src=\"https:\/\/kreintocomunicacion.com\/wp-content\/uploads\/2020\/10\/4.jpg\" alt=\"\"><\/li><li   class=\"slide-item\" ><img src=\"https:\/\/kreintocomunicacion.com\/wp-content\/uploads\/2020\/10\/5.jpg\" alt=\"\"><\/li><li   class=\"slide-item\" ><img src=\"https:\/\/kreintocomunicacion.com\/wp-content\/uploads\/2020\/10\/6.jpg\" alt=\"\"><\/li><li   class=\"slide-item\" ><img src=\"https:\/\/kreintocomunicacion.com\/wp-content\/uploads\/2020\/10\/7.jpg\" alt=\"\"><\/li><li   class=\"slide-item\" ><img src=\"https:\/\/kreintocomunicacion.com\/wp-content\/uploads\/2020\/10\/2.jpg\" alt=\"\"><\/li><\/ul><\/div>[\/vc_column][\/vc_row]<\/p>\n","protected":false},"excerpt":{"rendered":"<p>[vc_row dark=&#8221;true&#8221; bg_type=&#8221;bg_image&#8221; dima_canvas_style=&#8221;&#8221; translate_x=&#8221;0&#8243; dima_z_index=&#8221;0&#8243; delay=&#8221;&#8221; delay_duration=&#8221;&#8221; delay_offset=&#8221;&#8221; top_and_bottom_padding=&#8221;15.625em&#8221; left_and_right_padding=&#8221;&#8221; bg_image=&#8221;3441&#8243; class=&#8221;&#8221; style=&#8221;&#8221; id=&#8221;&#8221; di_bg_image=&#8221;6629&#8243; css=&#8221;.vc_custom_1604013550443{background-image: url(id=3441?id=) !important;}&#8221; border_color=&#8221;&#8221; tutorials=&#8221;&#8221;][vc_column min_height=&#8221;&#8221; bg_type=&#8221;&#8221; dima_canvas_style=&#8221;&#8221; translate_x=&#8221;0&#8243; dima_z_index=&#8221;0&#8243; animation=&#8221;fadeInUp&#8221; delay=&#8221;400&#8243; delay_duration=&#8221;&#8221; delay_offset=&#8221;&#8221; top_and_bottom_padding=&#8221;&#8221; left_and_right_padding=&#8221;&#8221; width=&#8221;1\/1&#8243; id=&#8221;&#8221; class=&#8221;&#8221; style=&#8221;&#8221;][\/vc_column][\/vc_row][vc_row bg_type=&#8221;&#8221; dima_canvas_style=&#8221;&#8221; translate_x=&#8221;0&#8243; dima_z_index=&#8221;0&#8243; delay=&#8221;&#8221; delay_duration=&#8221;&#8221; delay_offset=&#8221;&#8221; top_and_bottom_padding=&#8221;0px&#8221; left_and_right_padding=&#8221;&#8221; class=&#8221;&#8221; style=&#8221;&#8221;][vc_column min_height=&#8221;&#8221; bg_type=&#8221;&#8221; dima_canvas_style=&#8221;&#8221; translate_x=&#8221;0&#8243; dima_z_index=&#8221;0&#8243; animation=&#8221;fadeInLeft&#8221; delay=&#8221;400&#8243; delay_duration=&#8221;&#8221; [&hellip;]<\/p>\n","protected":false},"author":1,"featured_media":0,"parent":0,"menu_order":0,"comment_status":"closed","ping_status":"closed","template":"","meta":{"_bbp_topic_count":0,"_bbp_reply_count":0,"_bbp_total_topic_count":0,"_bbp_total_reply_count":0,"_bbp_voice_count":0,"_bbp_anonymous_reply_count":0,"_bbp_topic_count_hidden":0,"_bbp_reply_count_hidden":0,"_bbp_forum_subforum_count":0,"spay_email":""},"yoast_head":"<!-- This site is optimized with the Yoast SEO plugin v15.4 - https:\/\/yoast.com\/wordpress\/plugins\/seo\/ -->\n<title>\u00bfQu\u00e9 es Kreinto? - Kreinto Comunicaci\u00f3n<\/title>\n<meta name=\"robots\" content=\"index, follow, max-snippet:-1, max-image-preview:large, max-video-preview:-1\" \/>\n<link rel=\"canonical\" href=\"https:\/\/kreintocomunicacion.com\/index.php\/about-us-03-2-2\/\" \/>\n<meta property=\"og:locale\" content=\"en_US\" \/>\n<meta property=\"og:type\" content=\"article\" \/>\n<meta property=\"og:title\" content=\"\u00bfQu\u00e9 es Kreinto? - Kreinto Comunicaci\u00f3n\" \/>\n<meta property=\"og:description\" content=\"[vc_row dark=&#8221;true&#8221; bg_type=&#8221;bg_image&#8221; dima_canvas_style=&#8221;&#8221; translate_x=&#8221;0&#8243; dima_z_index=&#8221;0&#8243; delay=&#8221;&#8221; delay_duration=&#8221;&#8221; delay_offset=&#8221;&#8221; top_and_bottom_padding=&#8221;15.625em&#8221; left_and_right_padding=&#8221;&#8221; bg_image=&#8221;3441&#8243; class=&#8221;&#8221; style=&#8221;&#8221; id=&#8221;&#8221; di_bg_image=&#8221;6629&#8243; css=&#8221;.vc_custom_1604013550443{background-image: url(id=3441?id=) !important;}&#8221; border_color=&#8221;&#8221; tutorials=&#8221;&#8221;][vc_column min_height=&#8221;&#8221; bg_type=&#8221;&#8221; dima_canvas_style=&#8221;&#8221; translate_x=&#8221;0&#8243; dima_z_index=&#8221;0&#8243; animation=&#8221;fadeInUp&#8221; delay=&#8221;400&#8243; delay_duration=&#8221;&#8221; delay_offset=&#8221;&#8221; top_and_bottom_padding=&#8221;&#8221; left_and_right_padding=&#8221;&#8221; width=&#8221;1\/1&#8243; id=&#8221;&#8221; class=&#8221;&#8221; style=&#8221;&#8221;][\/vc_column][\/vc_row][vc_row bg_type=&#8221;&#8221; dima_canvas_style=&#8221;&#8221; translate_x=&#8221;0&#8243; dima_z_index=&#8221;0&#8243; delay=&#8221;&#8221; delay_duration=&#8221;&#8221; delay_offset=&#8221;&#8221; top_and_bottom_padding=&#8221;0px&#8221; left_and_right_padding=&#8221;&#8221; class=&#8221;&#8221; style=&#8221;&#8221;][vc_column min_height=&#8221;&#8221; bg_type=&#8221;&#8221; dima_canvas_style=&#8221;&#8221; translate_x=&#8221;0&#8243; dima_z_index=&#8221;0&#8243; animation=&#8221;fadeInLeft&#8221; delay=&#8221;400&#8243; delay_duration=&#8221;&#8221; [&hellip;]\" \/>\n<meta property=\"og:url\" content=\"https:\/\/kreintocomunicacion.com\/index.php\/about-us-03-2-2\/\" \/>\n<meta property=\"og:site_name\" content=\"Kreinto Comunicaci\u00f3n\" \/>\n<meta property=\"article:modified_time\" content=\"2020-10-29T23:19:15+00:00\" \/>\n<meta name=\"twitter:card\" content=\"summary_large_image\" \/>\n<meta name=\"twitter:label1\" content=\"Written by\">\n\t<meta name=\"twitter:data1\" content=\"kermitfrog.hernandez@gmail.com\">\n\t<meta name=\"twitter:label2\" content=\"Est. reading time\">\n\t<meta name=\"twitter:data2\" content=\"4 minutes\">\n<script type=\"application\/ld+json\" class=\"yoast-schema-graph\">{\"@context\":\"https:\/\/schema.org\",\"@graph\":[{\"@type\":\"WebSite\",\"@id\":\"https:\/\/kreintocomunicacion.com\/#website\",\"url\":\"https:\/\/kreintocomunicacion.com\/\",\"name\":\"Kreinto Comunicaci\\u00f3n\",\"description\":\"Colectivo de profesionales especializados en medios de comunicaci\\u00f3n y publicidad\",\"potentialAction\":[{\"@type\":\"SearchAction\",\"target\":\"https:\/\/kreintocomunicacion.com\/?s={search_term_string}\",\"query-input\":\"required name=search_term_string\"}],\"inLanguage\":\"en-US\"},{\"@type\":\"WebPage\",\"@id\":\"https:\/\/kreintocomunicacion.com\/index.php\/about-us-03-2-2\/#webpage\",\"url\":\"https:\/\/kreintocomunicacion.com\/index.php\/about-us-03-2-2\/\",\"name\":\"\\u00bfQu\\u00e9 es Kreinto? - Kreinto Comunicaci\\u00f3n\",\"isPartOf\":{\"@id\":\"https:\/\/kreintocomunicacion.com\/#website\"},\"datePublished\":\"2016-05-04T07:41:14+00:00\",\"dateModified\":\"2020-10-29T23:19:15+00:00\",\"inLanguage\":\"en-US\",\"potentialAction\":[{\"@type\":\"ReadAction\",\"target\":[\"https:\/\/kreintocomunicacion.com\/index.php\/about-us-03-2-2\/\"]}]}]}<\/script>\n<!-- \/ Yoast SEO plugin. -->","amp_validity":null,"amp_enabled":true,"_links":{"self":[{"href":"https:\/\/kreintocomunicacion.com\/index.php\/wp-json\/wp\/v2\/pages\/6189"}],"collection":[{"href":"https:\/\/kreintocomunicacion.com\/index.php\/wp-json\/wp\/v2\/pages"}],"about":[{"href":"https:\/\/kreintocomunicacion.com\/index.php\/wp-json\/wp\/v2\/types\/page"}],"author":[{"embeddable":true,"href":"https:\/\/kreintocomunicacion.com\/index.php\/wp-json\/wp\/v2\/users\/1"}],"replies":[{"embeddable":true,"href":"https:\/\/kreintocomunicacion.com\/index.php\/wp-json\/wp\/v2\/comments?post=6189"}],"version-history":[{"count":51,"href":"https:\/\/kreintocomunicacion.com\/index.php\/wp-json\/wp\/v2\/pages\/6189\/revisions"}],"predecessor-version":[{"id":6630,"href":"https:\/\/kreintocomunicacion.com\/index.php\/wp-json\/wp\/v2\/pages\/6189\/revisions\/6630"}],"wp:attachment":[{"href":"https:\/\/kreintocomunicacion.com\/index.php\/wp-json\/wp\/v2\/media?parent=6189"}],"curies":[{"name":"wp","href":"https:\/\/api.w.org\/{rel}","templated":true}]}}