{"id":1335,"date":"2016-04-07T14:27:47","date_gmt":"2016-04-07T14:27:47","guid":{"rendered":"http:\/\/okab.pixeldima.com\/okab\/?page_id=1335"},"modified":"2022-07-02T20:28:07","modified_gmt":"2022-07-02T20:28:07","slug":"team","status":"publish","type":"page","link":"https:\/\/kreintocomunicacion.com\/index.php\/team\/","title":{"rendered":"Nuestro Equipo"},"content":{"rendered":"<p>[vc_row bg_type=&#8221;bg_color&#8221; dima_canvas_style=&#8221;&#8221; translate_x=&#8221;0&#8243; dima_z_index=&#8221;0&#8243; delay=&#8221;&#8221; delay_duration=&#8221;&#8221; delay_offset=&#8221;&#8221; top_and_bottom_padding=&#8221;&#8221; left_and_right_padding=&#8221;&#8221; class=&#8221;&#8221; style=&#8221;&#8221; bg_color=&#8221;#fafafa&#8221;][vc_column min_height=&#8221;&#8221; bg_type=&#8221;&#8221; dima_canvas_style=&#8221;&#8221; translate_x=&#8221;0&#8243; dima_z_index=&#8221;0&#8243; delay=&#8221;&#8221; delay_duration=&#8221;&#8221; delay_offset=&#8221;&#8221; top_and_bottom_padding=&#8221;&#8221; left_and_right_padding=&#8221;&#8221; width=&#8221;1\/1&#8243;]<h3  class=\"dima-custom-heading text-center\" ><strong>CONOCE NUESTRO EQUIPO <\/strong><\/h3><div  class=\"dima-divider topaz-line\" ><i  class=\"fa fa-stop\"><\/i><\/div><div  class=\"dima-clear\" style=\"padding-bottom:55px\"><\/div><h5 style=\"text-align: center;\">Fundado por Cristina Verduzco y Rene Hern\u00e1ndez, Kreinto Comunicaci\u00f3n y Marketing re\u00fane el talento de diversas mujeres y hombres con amplia experiencia en distintos \u00e1mbitos de la comunicaci\u00f3n. Su trabajo en empresas privadas e instituciones p\u00fablicas acumulan m\u00e1s de cien a\u00f1os de experiencia\u2026 \u00a1\u00fasalos en tu favor!<\/h5>\n[\/vc_column][\/vc_row][vc_row bg_type=&#8221;bg_color&#8221; dima_canvas_style=&#8221;&#8221; translate_x=&#8221;0&#8243; dima_z_index=&#8221;0&#8243; delay=&#8221;&#8221; delay_duration=&#8221;&#8221; delay_offset=&#8221;&#8221; top_and_bottom_padding=&#8221;&#8221; left_and_right_padding=&#8221;&#8221; class=&#8221;&#8221; style=&#8221;&#8221; bg_color=&#8221;#fafafa&#8221;][vc_column min_height=&#8221;&#8221; bg_type=&#8221;&#8221; dima_canvas_style=&#8221;&#8221; translate_x=&#8221;0&#8243; dima_z_index=&#8221;0&#8243; delay=&#8221;&#8221; delay_duration=&#8221;&#8221; delay_offset=&#8221;&#8221; top_and_bottom_padding=&#8221;&#8221; left_and_right_padding=&#8221;&#8221; width=&#8221;1\/1&#8243;]<div  class=\"dima-timeline-list columns-3 process-h larg\" ><div  class=\"dima-iconbox no-box text-center features-box\" ><header  class=\"icon-box-header\" ><div class=\"image-cropper thumb  medium  box-circle \" ><img class=\"background-image\" src=\"https:\/\/kreintocomunicacion.com\/wp-content\/uploads\/2020\/10\/cristina-1.jpg\" width=\"530\" height=\"530\" alt=\"\"><\/div><\/header><div  class=\"features-content\" ><h5 class=\"features-title\" >Cristina Verduzco<\/h5>Es maestra en Desarrollo Organizacional. Su trayectoria se ha desarrollado en \u00e1reas de comunicaci\u00f3n y marketing en empresas nacionales l\u00edderes, as\u00ed como en las de relaciones p\u00fablicas e imagen. Su carrera incluye experiencia en la direcci\u00f3n y organizaci\u00f3n de eventos deportivos masivos, as\u00ed como la creaci\u00f3n de conceptos editoriales en Milenio Hidalgo y Corporativo UNNE.<\/p>\n<div  class=\"dima-clear\" style=\"padding-bottom:5px\"><\/div><br \/>\n<div  class=\"social-media text-center social-medium circle-social\" ><ul class=\"inline clearfix\" ><li    ><a href=\"#\" data-toggle=\"tooltip\" data-trigger=\"hover\" data-placement=\"bottom\"  target=\"\" title=\"\"><i class=\"fa fa-facebook\"><\/i><\/a><\/li><li    ><a href=\"#\" data-toggle=\"tooltip\" data-trigger=\"hover\" data-placement=\"bottom\"  target=\"\" title=\"\"><i class=\"fa fa-twitter\"><\/i><\/a><\/li><li    ><a href=\"#\" data-toggle=\"tooltip\" data-trigger=\"hover\" data-placement=\"bottom\"  target=\"\" title=\"\"><i class=\"fa fa-linkedin\"><\/i><\/a><\/li><\/ul><\/div><\/div><\/div><div  class=\"dima-iconbox no-box text-center features-box\" ><header  class=\"icon-box-header\" ><div class=\"image-cropper thumb  medium  box-circle \" ><img class=\"background-image\" src=\"https:\/\/kreintocomunicacion.com\/wp-content\/uploads\/2020\/10\/rene-kreinto.jpg\" width=\"400\" height=\"400\" alt=\"\"><\/div><\/header><div  class=\"features-content\" ><h5 class=\"features-title\" >Rene Hern\u00e1ndez<\/h5>Analista y comunicador social. Estuvo a cargo de la comunicaci\u00f3n digital en las secretar\u00edas de Gobernaci\u00f3n y Trabajo a nivel federal. Se ha desempe\u00f1ado como articulista en la versi\u00f3n web de la revista Alto Nivel; tambi\u00e9n ha fungido como consultor de comunicaci\u00f3n corporativa en empresas de los sectores gubernamental, energ\u00e9tico y transportes.<br \/>\n<div  class=\"dima-clear\" style=\"padding-bottom:5px\"><\/div><br \/>\n<div  class=\"social-media text-center social-medium circle-social\" ><ul class=\"inline clearfix\" ><li    ><a href=\"#\" data-toggle=\"tooltip\" data-trigger=\"hover\" data-placement=\"bottom\"  target=\"\" title=\"\"><i class=\"fa fa-facebook\"><\/i><\/a><\/li><li    ><a href=\"#\" data-toggle=\"tooltip\" data-trigger=\"hover\" data-placement=\"bottom\"  target=\"\" title=\"\"><i class=\"fa fa-twitter\"><\/i><\/a><\/li><li    ><a href=\"#\" data-toggle=\"tooltip\" data-trigger=\"hover\" data-placement=\"bottom\"  target=\"\" title=\"\"><i class=\"fa fa-linkedin\"><\/i><\/a><\/li><\/ul><\/div><\/div><\/div><div  class=\"dima-iconbox no-box text-center features-box\" ><header  class=\"icon-box-header\" ><div class=\"image-cropper thumb  medium  box-circle \" ><img class=\"background-image\" src=\"https:\/\/kreintocomunicacion.com\/wp-content\/uploads\/2022\/07\/ad469004-04a7-43ea-a3f2-45fcbc978e8e.jpg\" width=\"1200\" height=\"1600\" alt=\"\"><\/div><\/header><div  class=\"features-content\" ><h5 class=\"features-title\" >Raymundo Zendejas<\/h5>Comunic\u00f3logo con m\u00e1s de dos d\u00e9cadas de experiencia trabajando proyectos tanto en la iniciativa privada como en gobiernos a nivel federal, estatal y municipal. Durante este tiempo, desarroll\u00f3 capacidades en relaciones p\u00fablicas, manejo de crisis, vinculaci\u00f3n, direcci\u00f3n de proyectos, generaci\u00f3n de contenidos y asesor\u00eda en comunicaci\u00f3n estrat\u00e9gica.<br \/>\n<div  class=\"dima-clear\" style=\"padding-bottom:5px\"><\/div><br \/>\n<div  class=\"social-media text-center social-medium circle-social\" ><ul class=\"inline clearfix\" ><li    ><a href=\"#\" data-toggle=\"tooltip\" data-trigger=\"hover\" data-placement=\"bottom\"  target=\"\" title=\"\"><i class=\"fa fa-facebook\"><\/i><\/a><\/li><li    ><a href=\"#\" data-toggle=\"tooltip\" data-trigger=\"hover\" data-placement=\"bottom\"  target=\"\" title=\"\"><i class=\"fa fa-twitter\"><\/i><\/a><\/li><li    ><a href=\"#\" data-toggle=\"tooltip\" data-trigger=\"hover\" data-placement=\"bottom\"  target=\"\" title=\"\"><i class=\"fa fa-linkedin\"><\/i><\/a><\/li><\/ul><\/div><\/div><\/div><\/div>[\/vc_column][\/vc_row]<\/p>\n","protected":false},"excerpt":{"rendered":"<p>[vc_row bg_type=&#8221;bg_color&#8221; dima_canvas_style=&#8221;&#8221; translate_x=&#8221;0&#8243; dima_z_index=&#8221;0&#8243; delay=&#8221;&#8221; delay_duration=&#8221;&#8221; delay_offset=&#8221;&#8221; top_and_bottom_padding=&#8221;&#8221; left_and_right_padding=&#8221;&#8221; class=&#8221;&#8221; style=&#8221;&#8221; bg_color=&#8221;#fafafa&#8221;][vc_column min_height=&#8221;&#8221; bg_type=&#8221;&#8221; dima_canvas_style=&#8221;&#8221; translate_x=&#8221;0&#8243; dima_z_index=&#8221;0&#8243; delay=&#8221;&#8221; delay_duration=&#8221;&#8221; delay_offset=&#8221;&#8221; top_and_bottom_padding=&#8221;&#8221; left_and_right_padding=&#8221;&#8221; width=&#8221;1\/1&#8243;][\/vc_column][\/vc_row][vc_row bg_type=&#8221;bg_color&#8221; dima_canvas_style=&#8221;&#8221; translate_x=&#8221;0&#8243; dima_z_index=&#8221;0&#8243; delay=&#8221;&#8221; delay_duration=&#8221;&#8221; delay_offset=&#8221;&#8221; top_and_bottom_padding=&#8221;&#8221; left_and_right_padding=&#8221;&#8221; class=&#8221;&#8221; style=&#8221;&#8221; bg_color=&#8221;#fafafa&#8221;][vc_column min_height=&#8221;&#8221; bg_type=&#8221;&#8221; dima_canvas_style=&#8221;&#8221; translate_x=&#8221;0&#8243; dima_z_index=&#8221;0&#8243; delay=&#8221;&#8221; delay_duration=&#8221;&#8221; delay_offset=&#8221;&#8221; top_and_bottom_padding=&#8221;&#8221; left_and_right_padding=&#8221;&#8221; width=&#8221;1\/1&#8243;][\/vc_column][\/vc_row]<\/p>\n","protected":false},"author":1,"featured_media":0,"parent":0,"menu_order":0,"comment_status":"closed","ping_status":"closed","template":"","meta":{"_bbp_topic_count":0,"_bbp_reply_count":0,"_bbp_total_topic_count":0,"_bbp_total_reply_count":0,"_bbp_voice_count":0,"_bbp_anonymous_reply_count":0,"_bbp_topic_count_hidden":0,"_bbp_reply_count_hidden":0,"_bbp_forum_subforum_count":0,"spay_email":""},"yoast_head":"<!-- This site is optimized with the Yoast SEO plugin v15.4 - https:\/\/yoast.com\/wordpress\/plugins\/seo\/ -->\n<title>Nuestro Equipo - Kreinto Comunicaci\u00f3n<\/title>\n<meta name=\"robots\" content=\"index, follow, max-snippet:-1, max-image-preview:large, max-video-preview:-1\" \/>\n<link rel=\"canonical\" href=\"https:\/\/kreintocomunicacion.com\/index.php\/team\/\" \/>\n<meta property=\"og:locale\" content=\"en_US\" \/>\n<meta property=\"og:type\" content=\"article\" \/>\n<meta property=\"og:title\" content=\"Nuestro Equipo - Kreinto Comunicaci\u00f3n\" \/>\n<meta property=\"og:description\" content=\"[vc_row bg_type=&#8221;bg_color&#8221; dima_canvas_style=&#8221;&#8221; translate_x=&#8221;0&#8243; dima_z_index=&#8221;0&#8243; delay=&#8221;&#8221; delay_duration=&#8221;&#8221; delay_offset=&#8221;&#8221; top_and_bottom_padding=&#8221;&#8221; left_and_right_padding=&#8221;&#8221; class=&#8221;&#8221; style=&#8221;&#8221; bg_color=&#8221;#fafafa&#8221;][vc_column min_height=&#8221;&#8221; bg_type=&#8221;&#8221; dima_canvas_style=&#8221;&#8221; translate_x=&#8221;0&#8243; dima_z_index=&#8221;0&#8243; delay=&#8221;&#8221; delay_duration=&#8221;&#8221; delay_offset=&#8221;&#8221; top_and_bottom_padding=&#8221;&#8221; left_and_right_padding=&#8221;&#8221; width=&#8221;1\/1&#8243;][\/vc_column][\/vc_row][vc_row bg_type=&#8221;bg_color&#8221; dima_canvas_style=&#8221;&#8221; translate_x=&#8221;0&#8243; dima_z_index=&#8221;0&#8243; delay=&#8221;&#8221; delay_duration=&#8221;&#8221; delay_offset=&#8221;&#8221; top_and_bottom_padding=&#8221;&#8221; left_and_right_padding=&#8221;&#8221; class=&#8221;&#8221; style=&#8221;&#8221; bg_color=&#8221;#fafafa&#8221;][vc_column min_height=&#8221;&#8221; bg_type=&#8221;&#8221; dima_canvas_style=&#8221;&#8221; translate_x=&#8221;0&#8243; dima_z_index=&#8221;0&#8243; delay=&#8221;&#8221; delay_duration=&#8221;&#8221; delay_offset=&#8221;&#8221; top_and_bottom_padding=&#8221;&#8221; left_and_right_padding=&#8221;&#8221; width=&#8221;1\/1&#8243;][\/vc_column][\/vc_row]\" \/>\n<meta property=\"og:url\" content=\"https:\/\/kreintocomunicacion.com\/index.php\/team\/\" \/>\n<meta property=\"og:site_name\" content=\"Kreinto Comunicaci\u00f3n\" \/>\n<meta property=\"article:modified_time\" content=\"2022-07-02T20:28:07+00:00\" \/>\n<meta name=\"twitter:card\" content=\"summary_large_image\" \/>\n<meta name=\"twitter:label1\" content=\"Written by\">\n\t<meta name=\"twitter:data1\" content=\"kermitfrog.hernandez@gmail.com\">\n\t<meta name=\"twitter:label2\" content=\"Est. reading time\">\n\t<meta name=\"twitter:data2\" content=\"3 minutes\">\n<script type=\"application\/ld+json\" class=\"yoast-schema-graph\">{\"@context\":\"https:\/\/schema.org\",\"@graph\":[{\"@type\":\"WebSite\",\"@id\":\"https:\/\/kreintocomunicacion.com\/#website\",\"url\":\"https:\/\/kreintocomunicacion.com\/\",\"name\":\"Kreinto Comunicaci\\u00f3n\",\"description\":\"Colectivo de profesionales especializados en medios de comunicaci\\u00f3n y publicidad\",\"potentialAction\":[{\"@type\":\"SearchAction\",\"target\":\"https:\/\/kreintocomunicacion.com\/?s={search_term_string}\",\"query-input\":\"required name=search_term_string\"}],\"inLanguage\":\"en-US\"},{\"@type\":\"WebPage\",\"@id\":\"https:\/\/kreintocomunicacion.com\/index.php\/team\/#webpage\",\"url\":\"https:\/\/kreintocomunicacion.com\/index.php\/team\/\",\"name\":\"Nuestro Equipo - Kreinto Comunicaci\\u00f3n\",\"isPartOf\":{\"@id\":\"https:\/\/kreintocomunicacion.com\/#website\"},\"datePublished\":\"2016-04-07T14:27:47+00:00\",\"dateModified\":\"2022-07-02T20:28:07+00:00\",\"inLanguage\":\"en-US\",\"potentialAction\":[{\"@type\":\"ReadAction\",\"target\":[\"https:\/\/kreintocomunicacion.com\/index.php\/team\/\"]}]}]}<\/script>\n<!-- \/ Yoast SEO plugin. -->","amp_validity":null,"amp_enabled":true,"_links":{"self":[{"href":"https:\/\/kreintocomunicacion.com\/index.php\/wp-json\/wp\/v2\/pages\/1335"}],"collection":[{"href":"https:\/\/kreintocomunicacion.com\/index.php\/wp-json\/wp\/v2\/pages"}],"about":[{"href":"https:\/\/kreintocomunicacion.com\/index.php\/wp-json\/wp\/v2\/types\/page"}],"author":[{"embeddable":true,"href":"https:\/\/kreintocomunicacion.com\/index.php\/wp-json\/wp\/v2\/users\/1"}],"replies":[{"embeddable":true,"href":"https:\/\/kreintocomunicacion.com\/index.php\/wp-json\/wp\/v2\/comments?post=1335"}],"version-history":[{"count":21,"href":"https:\/\/kreintocomunicacion.com\/index.php\/wp-json\/wp\/v2\/pages\/1335\/revisions"}],"predecessor-version":[{"id":6740,"href":"https:\/\/kreintocomunicacion.com\/index.php\/wp-json\/wp\/v2\/pages\/1335\/revisions\/6740"}],"wp:attachment":[{"href":"https:\/\/kreintocomunicacion.com\/index.php\/wp-json\/wp\/v2\/media?parent=1335"}],"curies":[{"name":"wp","href":"https:\/\/api.w.org\/{rel}","templated":true}]}}